{"id":8,"date":"2025-06-26T14:40:28","date_gmt":"2025-06-26T14:40:28","guid":{"rendered":"https:\/\/franciscoramos.pe\/?page_id=8"},"modified":"2026-04-05T11:32:31","modified_gmt":"2026-04-05T11:32:31","slug":"biografia","status":"publish","type":"page","link":"https:\/\/franciscoramos.pe\/?page_id=8","title":{"rendered":"BIOGRAFIA"},"content":{"rendered":"<p>&#8211; Past Decano Presidente en CONREDE TACNA<\/p>\n<p>&#8211; Past Decano en CIP &#8211; CD TACNA<\/p>\n<p>&#8211; Estudi\u00f3 en \uf0a7COLEGIO PARTICULAR ADVENTISTA \u201c28 DE JULIO\u201d- TACNA<\/p>\n<p>&#8211; Estudi\u00f3 en Fortunato Zora Carbajal de Tacna<\/p>\n<p>&#8211; Estudi\u00f3 en IEE Don Jos\u00e9 De San Mart\u00edn Tacna<\/p>\n<p>&#8211; Estudi\u00f3 Maestr\u00eda en Gesti\u00f3n y Pol\u00edticas P\u00fablicas en Escuela de Postgrado UPT<\/p>\n<p>&#8211; Estudi\u00f3 Maestr\u00eda en Civil con Menci\u00f3n en Gerencia de la Construcci\u00f3n en Postgrado UPT<\/p>\n<p>&#8211; Estudi\u00f3 Ingenier\u00eda civil en Universidad Nacional Jorge Basadre Grohmann<\/p>\n<p>&#8211; Tacna, Peru<\/p>\n","protected":false},"excerpt":{"rendered":"<p> [&hellip;]<\/p>\n","protected":false},"author":1,"featured_media":0,"parent":0,"menu_order":0,"comment_status":"closed","ping_status":"closed","template":"","meta":{"_regular_price":[],"currency_symbol":[],"footnotes":""},"class_list":["post-8","page","type-page","status-publish","hentry"],"post_slider_layout_featured_media_urls":{"thumbnail":"","post_slider_layout_landscape_large":"","post_slider_layout_portrait_large":"","post_slider_layout_square_large":"","post_slider_layout_landscape":"","post_slider_layout_portrait":"","post_slider_layout_square":"","full":""},"_links":{"self":[{"href":"https:\/\/franciscoramos.pe\/index.php?rest_route=\/wp\/v2\/pages\/8","targetHints":{"allow":["GET"]}}],"collection":[{"href":"https:\/\/franciscoramos.pe\/index.php?rest_route=\/wp\/v2\/pages"}],"about":[{"href":"https:\/\/franciscoramos.pe\/index.php?rest_route=\/wp\/v2\/types\/page"}],"author":[{"embeddable":true,"href":"https:\/\/franciscoramos.pe\/index.php?rest_route=\/wp\/v2\/users\/1"}],"replies":[{"embeddable":true,"href":"https:\/\/franciscoramos.pe\/index.php?rest_route=%2Fwp%2Fv2%2Fcomments&post=8"}],"version-history":[{"count":3,"href":"https:\/\/franciscoramos.pe\/index.php?rest_route=\/wp\/v2\/pages\/8\/revisions"}],"predecessor-version":[{"id":70,"href":"https:\/\/franciscoramos.pe\/index.php?rest_route=\/wp\/v2\/pages\/8\/revisions\/70"}],"wp:attachment":[{"href":"https:\/\/franciscoramos.pe\/index.php?rest_route=%2Fwp%2Fv2%2Fmedia&parent=8"}],"curies":[{"name":"wp","href":"https:\/\/api.w.org\/{rel}","templated":true}]}}